{"id":1326,"date":"2024-10-17T06:18:08","date_gmt":"2024-10-17T06:18:08","guid":{"rendered":"https:\/\/litkrausta.lt\/?page_id=1326"},"modified":"2024-11-26T07:18:21","modified_gmt":"2024-11-26T07:18:21","slug":"kroviniu-pervezimas-kaunas","status":"publish","type":"page","link":"https:\/\/litkrausta.lt\/en\/kroviniu-pervezimas-kaunas\/","title":{"rendered":"Krovini\u0173 Perve\u017eimas Kaunas"},"content":{"rendered":"<div data-elementor-type=\"wp-page\" data-elementor-id=\"1326\" class=\"elementor elementor-1326\">\n\t\t\t\t<div class=\"elementor-element elementor-element-4fd8902 e-flex e-con-boxed e-con e-parent\" data-id=\"4fd8902\" data-element_type=\"container\">\n\t\t\t\t\t<div class=\"e-con-inner\">\n\t\t\t\t<div class=\"elementor-element elementor-element-d8a20b6 elementor-widget elementor-widget-heading\" data-id=\"d8a20b6\" data-element_type=\"widget\" data-widget_type=\"heading.default\">\n\t\t\t\t<div class=\"elementor-widget-container\">\n\t\t\t<style>\/*! elementor - v3.23.0 - 05-08-2024 *\/\n.elementor-heading-title{padding:0;margin:0;line-height:1}.elementor-widget-heading .elementor-heading-title[class*=elementor-size-]>a{color:inherit;font-size:inherit;line-height:inherit}.elementor-widget-heading .elementor-heading-title.elementor-size-small{font-size:15px}.elementor-widget-heading .elementor-heading-title.elementor-size-medium{font-size:19px}.elementor-widget-heading .elementor-heading-title.elementor-size-large{font-size:29px}.elementor-widget-heading .elementor-heading-title.elementor-size-xl{font-size:39px}.elementor-widget-heading .elementor-heading-title.elementor-size-xxl{font-size:59px}<\/style><h1 class=\"elementor-heading-title elementor-size-default\">Krovini\u0173 perve\u017eimas Kaune<\/h1>\t\t<\/div>\n\t\t\t\t<\/div>\n\t\t\t\t\t<\/div>\n\t\t\t\t<\/div>\n\t\t<div class=\"elementor-element elementor-element-8eb3060 e-flex e-con-boxed e-con e-parent\" data-id=\"8eb3060\" data-element_type=\"container\">\n\t\t\t\t\t<div class=\"e-con-inner\">\n\t\t<div class=\"elementor-element elementor-element-6d2a8fd e-con-full e-flex e-con e-child\" data-id=\"6d2a8fd\" data-element_type=\"container\">\n\t\t\t\t<div class=\"elementor-element elementor-element-05613fd elementor-widget elementor-widget-image\" data-id=\"05613fd\" data-element_type=\"widget\" data-widget_type=\"image.default\">\n\t\t\t\t<div class=\"elementor-widget-container\">\n\t\t\t<style>\/*! elementor - v3.23.0 - 05-08-2024 *\/\n.elementor-widget-image{text-align:center}.elementor-widget-image a{display:inline-block}.elementor-widget-image a img[src$=\".svg\"]{width:48px}.elementor-widget-image img{vertical-align:middle;display:inline-block}<\/style>\t\t\t\t\t\t\t\t\t\t<img fetchpriority=\"high\" decoding=\"async\" width=\"651\" height=\"428\" src=\"https:\/\/litkrausta.lt\/wp-content\/uploads\/2024\/10\/Screenshot_1-1.jpg\" class=\"attachment-medium_large size-medium_large wp-image-1351\" alt=\"\" \/>\t\t\t\t\t\t\t\t\t\t\t\t\t<\/div>\n\t\t\t\t<\/div>\n\t\t\t\t<\/div>\n\t\t<div class=\"elementor-element elementor-element-a4565bf e-con-full e-flex e-con e-child\" data-id=\"a4565bf\" data-element_type=\"container\">\n\t\t\t\t<div class=\"elementor-element elementor-element-58d35719 elementor-widget elementor-widget-text-editor\" data-id=\"58d35719\" data-element_type=\"widget\" data-widget_type=\"text-editor.default\">\n\t\t\t\t<div class=\"elementor-widget-container\">\n\t\t\t<style>\/*! elementor - v3.23.0 - 05-08-2024 *\/\n.elementor-widget-text-editor.elementor-drop-cap-view-stacked .elementor-drop-cap{background-color:#69727d;color:#fff}.elementor-widget-text-editor.elementor-drop-cap-view-framed .elementor-drop-cap{color:#69727d;border:3px solid;background-color:transparent}.elementor-widget-text-editor:not(.elementor-drop-cap-view-default) .elementor-drop-cap{margin-top:8px}.elementor-widget-text-editor:not(.elementor-drop-cap-view-default) .elementor-drop-cap-letter{width:1em;height:1em}.elementor-widget-text-editor .elementor-drop-cap{float:left;text-align:center;line-height:1;font-size:50px}.elementor-widget-text-editor .elementor-drop-cap-letter{display:inline-block}<\/style>\t\t\t\t<p><strong>Greitas, saugus ir patikimas krovini\u0173 perve\u017eimas Kaune<\/strong> bei Kauno rajone.<\/p><p><strong>Mob.:<\/strong>\u00a0<a href=\"tel: 370 620 79466\">+370 620\u00a079466<\/a><br \/><strong>Email:<\/strong>\u00a0<a href=\"mailto:info@litkrausta.lt\">info@litkrausta.lt<\/a><\/p><p>tai esmin\u0117 \u0161iuolaikinio verslo dalis, kuri padeda u\u017etikrinti efektyv\u0173 preki\u0173 jud\u0117jim\u0105 tarp gamintoj\u0173, prekybinink\u0173 ir eksportuotoj\u0173. \u012emon\u0117 <strong>Litkrausta.lt<\/strong>, pasitelkdama ilgamet\u0119 patirt\u012f logistikos srityje, teikia auk\u0161\u010diausios kokyb\u0117s perve\u017eimo paslaugas, orientuotas \u012f kiekvieno kliento poreikius ir verslo specifik\u0105.<\/p><p><strong>Litkrausta.lt<\/strong> si\u016blo:<\/p><ul><li>Krovini\u0173 perve\u017eim\u0105 Kauno mieste ir rajone su 3,5 ton\u0173 krovininiais mikroautobusais, galin\u010diais ve\u017eti iki 1,5 tonos (5\u201310 pad\u0117kl\u0173) krovin\u012f;<\/li><li>Krovini\u0173 sand\u0117liavim\u0105 ir paskirstym\u0105 po vis\u0105 Lietuv\u0105;<\/li><li>Visapusi\u0161k\u0105 pagalb\u0105 krovinio perve\u017eimo metu;<\/li><li>Konkurencingas kainas ir auk\u0161t\u0105 paslaug\u0173 kokyb\u0119;<\/li><li>Preki\u0173 ir krovini\u0173 distribucij\u0105 vietiniais mar\u0161rutais.<\/li><\/ul><p>Susisiekite su <strong>Litkrausta.lt<\/strong> jau \u0161iandien ir su\u017einokite, kaip m\u016bs\u0173 profesionali komanda gali prisid\u0117ti prie J\u016bs\u0173 verslo augimo. Si\u016blome i\u0161samias konsultacijas ir individualiai pritaikytus logistikos sprendimus, atitinkan\u010dius J\u016bs\u0173 verslo poreikius.<\/p><p><!-- \/wp:paragraph --><\/p>\t\t\t\t\t\t<\/div>\n\t\t\t\t<\/div>\n\t\t\t\t<\/div>\n\t\t\t\t\t<\/div>\n\t\t\t\t<\/div>\n\t\t<div class=\"elementor-element elementor-element-e2a4c8d e-flex e-con-boxed e-con e-parent\" data-id=\"e2a4c8d\" data-element_type=\"container\">\n\t\t\t\t\t<div class=\"e-con-inner\">\n\t\t\t\t<div class=\"elementor-element elementor-element-dac37a0 elementor-align-center elementor-widget elementor-widget-button\" data-id=\"dac37a0\" data-element_type=\"widget\" data-widget_type=\"button.default\">\n\t\t\t\t<div class=\"elementor-widget-container\">\n\t\t\t\t\t<div class=\"elementor-button-wrapper\">\n\t\t\t<a class=\"elementor-button elementor-button-link elementor-size-sm\" href=\"https:\/\/litkrausta.ltpaslaugos\/\">\n\t\t\t\t\t\t<span class=\"elementor-button-content-wrapper\">\n\t\t\t\t\t\t\t\t\t<span class=\"elementor-button-text\">All services<\/span>\n\t\t\t\t\t<\/span>\n\t\t\t\t\t<\/a>\n\t\t<\/div>\n\t\t\t\t<\/div>\n\t\t\t\t<\/div>\n\t\t\t\t\t<\/div>\n\t\t\t\t<\/div>\n\t\t<div class=\"elementor-element elementor-element-118c801 e-flex e-con-boxed e-con e-parent\" data-id=\"118c801\" data-element_type=\"container\">\n\t\t\t\t\t<div class=\"e-con-inner\">\n\t\t\t\t<div class=\"elementor-element elementor-element-71cca86 elementor-widget elementor-widget-image\" data-id=\"71cca86\" data-element_type=\"widget\" data-widget_type=\"image.default\">\n\t\t\t\t<div class=\"elementor-widget-container\">\n\t\t\t\t\t\t\t\t\t\t\t\t\t<img decoding=\"async\" width=\"800\" height=\"450\" src=\"https:\/\/litkrausta.lt\/wp-content\/uploads\/2024\/08\/service4.jpeg\" class=\"attachment-large size-large wp-image-786\" alt=\"\" \/>\t\t\t\t\t\t\t\t\t\t\t\t\t<\/div>\n\t\t\t\t<\/div>\n\t\t\t\t\t<\/div>\n\t\t\t\t<\/div>\n\t\t<div class=\"elementor-element elementor-element-f492f0b e-flex e-con-boxed e-con e-parent\" data-id=\"f492f0b\" data-element_type=\"container\">\n\t\t\t\t\t<div class=\"e-con-inner\">\n\t\t\t\t<div class=\"elementor-element elementor-element-57b458c elementor-widget elementor-widget-text-editor\" data-id=\"57b458c\" data-element_type=\"widget\" data-widget_type=\"text-editor.default\">\n\t\t\t\t<div class=\"elementor-widget-container\">\n\t\t\t\t\t\t\t<h2><strong>Krovini\u0173 perve\u017eimas Kaune su Litkrausta.lt: Da\u017eniausiai U\u017eduodami Klausimai (DUK)<\/strong><\/h2><p><strong>Kas yra Litkrausta.lt ir kokias paslaugas si\u016blo?<\/strong><br \/><strong>Litkrausta.lt<\/strong> \u2013 tai profesionali logistikos ir perve\u017eim\u0173 \u012fmon\u0117, teikianti patikimas ir greitas krovini\u0173\u00a0<a href=\"https:\/\/litkrausta.lt\/en\/perkraustymas-kaune\/\" target=\"_blank\" rel=\"noopener\">perve\u017eimo paslaugas Kaune<\/a>\u00a0bei Kauno rajone. M\u016bs\u0173 \u012fmon\u0117 specializuojasi perve\u017eant iki 1,5 tonos sverian\u010dius krovinius su 3,5 ton\u0173 krovininiais mikroautobusais, taip pat si\u016blome krovini\u0173 sand\u0117liavimo ir paskirstymo paslaugas visoje Lietuvoje.<\/p><p><strong>Kokios yra pagrindin\u0117s perve\u017eimo paslaugos?<\/strong><br \/>Litkrausta.lt si\u016blo:<\/p><ul><li>Krovini\u0173 perve\u017eim\u0105 Kauno mieste ir rajone;<\/li><li>Sand\u0117liavimo paslaugas;<\/li><li>Krovini\u0173 paskirstym\u0105 po vis\u0105 Lietuv\u0105;<\/li><li>Vietin\u0119 preki\u0173 ir krovini\u0173 distribucij\u0105 mar\u0161rutais.<\/li><\/ul><p><strong>Ar Litkrausta.lt ve\u017ea ir ma\u017eus krovinius?<\/strong><br \/>Taip, mes dirbame su \u012fvairaus dyd\u017eio kroviniais, \u012fskaitant ma\u017eus ir vidutinio dyd\u017eio siuntas. Galime perve\u017eti krovin\u012f, sveriant\u012f iki 1,5 tonos, kas apima nuo 5 iki 10 pad\u0117kl\u0173.<\/p><p><strong>Kaip u\u017etikrinamas perve\u017eimo saugumas?<\/strong><br \/>M\u016bs\u0173 patyrusi komanda naudoja specializuotas priemones ir atsargiai tvarko kiekvien\u0105 krovin\u012f, siekdama u\u017etikrinti saug\u0173 ir skland\u0173 transportavim\u0105. Visos siuntos yra kruop\u0161\u010diai stebimos ir koordinuojamos, kad jos b\u016bt\u0173 pristatytos laiku ir be pa\u017eeidim\u0173.<\/p><p><strong>Ar si\u016blote papildomas paslaugas krovinio perve\u017eimo metu?<\/strong><br \/>Taip, mes teikiame visapusi\u0161k\u0105 pagalb\u0105 perve\u017eimo metu \u2013 nuo krovinio pakrovimo iki galutinio i\u0161krovimo vietoje. M\u016bs\u0173 tikslas \u2013 u\u017etikrinti, kad visas procesas vykt\u0173 skland\u017eiai ir b\u016bt\u0173 pritaikytas prie J\u016bs\u0173 poreiki\u0173.<\/p><p><strong>Kokios yra Litkrausta.lt paslaug\u0173 kainos?<\/strong><br \/>M\u016bs\u0173 kainos yra konkurencingos ir priklauso nuo krovinio dyd\u017eio, transportavimo atstumo bei kit\u0173 specifini\u0173 veiksni\u0173. Kiekvienam klientui stengiam\u0117s pasi\u016blyti individualius sprendimus, atsi\u017evelgiant \u012f jo verslo specifik\u0105.<\/p><p><strong>Kaip galiu u\u017esisakyti Litkrausta.lt krovini\u0173 perve\u017eimo paslaugas?<\/strong><br \/>Nor\u0117dami u\u017esisakyti m\u016bs\u0173 paslaugas, galite susisiekti su m\u016bs\u0173 komanda telefonu arba el. pa\u0161tu, ir mes suteiksime vis\u0105 reikiam\u0105 informacij\u0105 apie perve\u017eimo proces\u0105, paslaug\u0173 kainas bei konsultuosime d\u0117l J\u016bs\u0173 verslui tinkamiausi\u0173 sprendim\u0173.<\/p><p><strong>Kuo Litkrausta.lt i\u0161siskiria i\u0161 kit\u0173 perve\u017eimo paslaug\u0173 teik\u0117j\u0173?<\/strong><br \/><strong>Litkrausta.lt<\/strong> did\u017eiuojasi savo profesionalumu, operatyvumu ir geb\u0117jimu lanks\u010diai prisitaikyti prie kiekvieno kliento poreiki\u0173. Ilgamet\u0117 patirtis logistikos srityje u\u017etikrina, kad galime pasi\u016blyti efektyvias ir kokybi\u0161kas krovini\u0173 perve\u017eimo paslaugas, kurios prisid\u0117s prie J\u016bs\u0173 verslo s\u0117km\u0117s.<\/p><p><strong>Kokio dyd\u017eio krovinius galite perve\u017eti Kauno mieste?<\/strong><br \/>Litkrausta.lt gali perve\u017eti \u012fvairaus dyd\u017eio krovinius, \u012fskaitant ma\u017eus ir vidutinio dyd\u017eio siuntas. M\u016bs\u0173 transporto priemon\u0117s gali ve\u017eti iki 1,5 tonos svor\u012f, kas apima nuo 5 iki 10 pad\u0117kl\u0173. Naudojame 3,5 ton\u0173 krovininius mikroautobusus, kurie yra puikiai pritaikyti perve\u017eimui mieste bei Kauno rajone.<\/p><p><strong>Ar teikiate vakarini\u0173 pristatym\u0173 Kaune paslaugas?<\/strong><br \/>Taip, suprantame, kad verslui svarbus lankstumas, tod\u0117l Litkrausta.lt gali organizuoti krovini\u0173 perve\u017eim\u0105 ir vakariniais laikais, atsi\u017evelgdami \u012f J\u016bs\u0173 poreikius. Norint suderinti vakarinius pristatymus, rekomenduojame i\u0161 anksto susitarti su m\u016bs\u0173 komanda d\u0117l laiko.<\/p><p><strong>Kokio tipo \u012fmon\u0117ms teikiate savo krovini\u0173 perve\u017eimo Kaune paslaugas?<\/strong><br \/>Litkrausta.lt perve\u017eimo paslaugos yra skirtos \u012fvairaus tipo \u012fmon\u0117ms \u2013 nuo ma\u017e\u0173 vietini\u0173 versl\u0173 iki didesni\u0173 prekybos ar gamybos \u012fmoni\u0173. Mes aptarnaujame tiek ma\u017emenin\u0117s prekybos, tiek gamybos, logistikos ir kitas \u012fmones, kurios turi poreik\u012f greitam ir patikimam krovini\u0173 jud\u0117jimui Kauno mieste bei aplinkiniuose regionuose.<\/p><p><strong>Ar teikiate pagalb\u0105 krovinio perve\u017eimo Kaune metu?<\/strong><br \/>Taip, mes teikiame visapusi\u0161k\u0105 pagalb\u0105 krovinio perve\u017eimo metu. M\u016bs\u0173 profesionali komanda gali pad\u0117ti su krovinio pakrovimu, i\u0161krovimu bei u\u017etikrinti skland\u0173 krovinio pristatymo proces\u0105 nuo prad\u017eios iki pabaigos. Mes esame pasireng\u0119 pad\u0117ti Jums kiekviename perve\u017eimo etape, kad procesas b\u016bt\u0173 kuo paprastesnis ir efektyvesnis.<\/p><p>\u00a0<\/p><h3><strong>Kod\u0117l verta kreiptis \u012f krovini\u0173 perve\u017eimas Kaune MB \u201eLITKRAUSTA\u201c?<\/strong><\/h3><p>MB \u201eLITKRAUSTA\u201c \u2013 tai patikimas partneris krovini\u0173 perve\u017eimo srityje Kaune, kuris u\u017etikrina greit\u0105, saug\u0173 ir efektyv\u0173 paslaug\u0173 teikim\u0105. \u012emon\u0117 si\u016blo lanks\u010dias darbo valandas, profesional\u0173 aptarnavim\u0105 ir individualius logistikos sprendimus, pritaikytus kiekvieno kliento poreikiams. Naudojami modern\u016bs krovininiai mikroautobusai, galintys ve\u017eti iki 1,5 tonos sverian\u010dius krovinius.<\/p><p><strong>Contacts<\/strong>:<\/p><ul><li><strong>Mob.<\/strong>: +370 620 79466<\/li><li><strong>Email<\/strong>: <a rel=\"noopener\">info@litkrausta.lt<\/a><\/li><\/ul><p><strong>Opening hours<\/strong>:<\/p><ul><li>I-V: 8:00 \u2013 20:00<\/li><li>VI: 10:00 \u2013 15:00 (tik u\u017esakym\u0173 pri\u0117mimas)<\/li><\/ul>\t\t\t\t\t\t<\/div>\n\t\t\t\t<\/div>\n\t\t\t\t\t<\/div>\n\t\t\t\t<\/div>\n\t\t\t\t<\/div>","protected":false},"excerpt":{"rendered":"<p>Krovini\u0173 perve\u017eimas Kaune Greitas, saugus ir patikimas krovini\u0173 perve\u017eimas Kaune bei Kauno rajone. Mob.:\u00a0+370 620\u00a079466El.pa\u0161tas:\u00a0info@litkrausta.lt tai esmin\u0117 \u0161iuolaikinio verslo dalis, kuri padeda u\u017etikrinti efektyv\u0173 preki\u0173 jud\u0117jim\u0105 tarp gamintoj\u0173, prekybinink\u0173 ir eksportuotoj\u0173. \u012emon\u0117 Litkrausta.lt, pasitelkdama ilgamet\u0119 patirt\u012f logistikos srityje, teikia auk\u0161\u010diausios kokyb\u0117s perve\u017eimo paslaugas, orientuotas \u012f kiekvieno kliento poreikius ir verslo specifik\u0105. Litkrausta.lt si\u016blo: Krovini\u0173 perve\u017eim\u0105 [&hellip;]<\/p>","protected":false},"author":3,"featured_media":0,"parent":0,"menu_order":0,"comment_status":"closed","ping_status":"closed","template":"","meta":{"_monsterinsights_skip_tracking":false,"_monsterinsights_sitenote_active":false,"_monsterinsights_sitenote_note":"","_monsterinsights_sitenote_category":0,"footnotes":""},"class_list":["post-1326","page","type-page","status-publish","hentry"],"yoast_head":"<!-- This site is optimized with the Yoast SEO plugin v23.2 - https:\/\/yoast.com\/wordpress\/plugins\/seo\/ -->\n<title>Krovini\u0173 Perve\u017eimas Kaunas - Litkrausta<\/title>\n<meta name=\"robots\" content=\"index, follow, max-snippet:-1, max-image-preview:large, max-video-preview:-1\" \/>\n<link rel=\"canonical\" href=\"https:\/\/litkrausta.lt\/en\/kroviniu-pervezimas-kaunas\/\" \/>\n<meta property=\"og:locale\" content=\"en_US\" \/>\n<meta property=\"og:type\" content=\"article\" \/>\n<meta property=\"og:title\" content=\"Krovini\u0173 Perve\u017eimas Kaunas - Litkrausta\" \/>\n<meta property=\"og:description\" content=\"Krovini\u0173 perve\u017eimas Kaune Greitas, saugus ir patikimas krovini\u0173 perve\u017eimas Kaune bei Kauno rajone. Mob.:\u00a0+370 620\u00a079466El.pa\u0161tas:\u00a0info@litkrausta.lt tai esmin\u0117 \u0161iuolaikinio verslo dalis, kuri padeda u\u017etikrinti efektyv\u0173 preki\u0173 jud\u0117jim\u0105 tarp gamintoj\u0173, prekybinink\u0173 ir eksportuotoj\u0173. \u012emon\u0117 Litkrausta.lt, pasitelkdama ilgamet\u0119 patirt\u012f logistikos srityje, teikia auk\u0161\u010diausios kokyb\u0117s perve\u017eimo paslaugas, orientuotas \u012f kiekvieno kliento poreikius ir verslo specifik\u0105. Litkrausta.lt si\u016blo: Krovini\u0173 perve\u017eim\u0105 [&hellip;]\" \/>\n<meta property=\"og:url\" content=\"https:\/\/litkrausta.lt\/en\/kroviniu-pervezimas-kaunas\/\" \/>\n<meta property=\"og:site_name\" content=\"Litkrausta\" \/>\n<meta property=\"article:modified_time\" content=\"2024-11-26T07:18:21+00:00\" \/>\n<meta property=\"og:image\" content=\"https:\/\/litkrausta.lt\/wp-content\/uploads\/2024\/10\/Screenshot_1-1.jpg\" \/>\n<meta name=\"twitter:card\" content=\"summary_large_image\" \/>\n<meta name=\"twitter:label1\" content=\"Est. reading time\" \/>\n\t<meta name=\"twitter:data1\" content=\"5 minutes\" \/>\n<script type=\"application\/ld+json\" class=\"yoast-schema-graph\">{\"@context\":\"https:\/\/schema.org\",\"@graph\":[{\"@type\":\"WebPage\",\"@id\":\"https:\/\/litkrausta.lt\/en\/kroviniu-pervezimas-kaunas\/\",\"url\":\"https:\/\/litkrausta.lt\/en\/kroviniu-pervezimas-kaunas\/\",\"name\":\"Krovini\u0173 Perve\u017eimas Kaunas - Litkrausta\",\"isPartOf\":{\"@id\":\"https:\/\/litkrausta.lt\/en\/#website\"},\"primaryImageOfPage\":{\"@id\":\"https:\/\/litkrausta.lt\/en\/kroviniu-pervezimas-kaunas\/#primaryimage\"},\"image\":{\"@id\":\"https:\/\/litkrausta.lt\/en\/kroviniu-pervezimas-kaunas\/#primaryimage\"},\"thumbnailUrl\":\"https:\/\/litkrausta.lt\/wp-content\/uploads\/2024\/10\/Screenshot_1-1.jpg\",\"datePublished\":\"2024-10-17T06:18:08+00:00\",\"dateModified\":\"2024-11-26T07:18:21+00:00\",\"breadcrumb\":{\"@id\":\"https:\/\/litkrausta.lt\/en\/kroviniu-pervezimas-kaunas\/#breadcrumb\"},\"inLanguage\":\"en-US\",\"potentialAction\":[{\"@type\":\"ReadAction\",\"target\":[\"https:\/\/litkrausta.lt\/en\/kroviniu-pervezimas-kaunas\/\"]}]},{\"@type\":\"ImageObject\",\"inLanguage\":\"en-US\",\"@id\":\"https:\/\/litkrausta.lt\/en\/kroviniu-pervezimas-kaunas\/#primaryimage\",\"url\":\"https:\/\/litkrausta.lt\/wp-content\/uploads\/2024\/10\/Screenshot_1-1.jpg\",\"contentUrl\":\"https:\/\/litkrausta.lt\/wp-content\/uploads\/2024\/10\/Screenshot_1-1.jpg\"},{\"@type\":\"BreadcrumbList\",\"@id\":\"https:\/\/litkrausta.lt\/en\/kroviniu-pervezimas-kaunas\/#breadcrumb\",\"itemListElement\":[{\"@type\":\"ListItem\",\"position\":1,\"name\":\"Home\",\"item\":\"https:\/\/litkrausta.lt\/en\/\"},{\"@type\":\"ListItem\",\"position\":2,\"name\":\"Krovini\u0173 Perve\u017eimas Kaunas\"}]},{\"@type\":\"WebSite\",\"@id\":\"https:\/\/litkrausta.lt\/en\/#website\",\"url\":\"https:\/\/litkrausta.lt\/en\/\",\"name\":\"Litkrausta\",\"description\":\"Perkraustymo bei krovini\u0173 transportavimo paslaugos\",\"publisher\":{\"@id\":\"https:\/\/litkrausta.lt\/en\/#organization\"},\"potentialAction\":[{\"@type\":\"SearchAction\",\"target\":{\"@type\":\"EntryPoint\",\"urlTemplate\":\"https:\/\/litkrausta.lt\/en\/?s={search_term_string}\"},\"query-input\":\"required name=search_term_string\"}],\"inLanguage\":\"en-US\"},{\"@type\":\"Organization\",\"@id\":\"https:\/\/litkrausta.lt\/en\/#organization\",\"name\":\"Litkrausta\",\"url\":\"https:\/\/litkrausta.lt\/en\/\",\"logo\":{\"@type\":\"ImageObject\",\"inLanguage\":\"en-US\",\"@id\":\"https:\/\/litkrausta.lt\/en\/#\/schema\/logo\/image\/\",\"url\":\"https:\/\/litkrausta.lt\/wp-content\/uploads\/2024\/08\/Litkrausta-logo-galutinis-54x247-1.png\",\"contentUrl\":\"https:\/\/litkrausta.lt\/wp-content\/uploads\/2024\/08\/Litkrausta-logo-galutinis-54x247-1.png\",\"width\":247,\"height\":54,\"caption\":\"Litkrausta\"},\"image\":{\"@id\":\"https:\/\/litkrausta.lt\/en\/#\/schema\/logo\/image\/\"}}]}<\/script>\n<!-- \/ Yoast SEO plugin. -->","yoast_head_json":{"title":"Krovini\u0173 Perve\u017eimas Kaunas - Litkrausta","robots":{"index":"index","follow":"follow","max-snippet":"max-snippet:-1","max-image-preview":"max-image-preview:large","max-video-preview":"max-video-preview:-1"},"canonical":"https:\/\/litkrausta.lt\/en\/kroviniu-pervezimas-kaunas\/","og_locale":"en_US","og_type":"article","og_title":"Krovini\u0173 Perve\u017eimas Kaunas - Litkrausta","og_description":"Krovini\u0173 perve\u017eimas Kaune Greitas, saugus ir patikimas krovini\u0173 perve\u017eimas Kaune bei Kauno rajone. Mob.:\u00a0+370 620\u00a079466El.pa\u0161tas:\u00a0info@litkrausta.lt tai esmin\u0117 \u0161iuolaikinio verslo dalis, kuri padeda u\u017etikrinti efektyv\u0173 preki\u0173 jud\u0117jim\u0105 tarp gamintoj\u0173, prekybinink\u0173 ir eksportuotoj\u0173. \u012emon\u0117 Litkrausta.lt, pasitelkdama ilgamet\u0119 patirt\u012f logistikos srityje, teikia auk\u0161\u010diausios kokyb\u0117s perve\u017eimo paslaugas, orientuotas \u012f kiekvieno kliento poreikius ir verslo specifik\u0105. Litkrausta.lt si\u016blo: Krovini\u0173 perve\u017eim\u0105 [&hellip;]","og_url":"https:\/\/litkrausta.lt\/en\/kroviniu-pervezimas-kaunas\/","og_site_name":"Litkrausta","article_modified_time":"2024-11-26T07:18:21+00:00","og_image":[{"url":"https:\/\/litkrausta.lt\/wp-content\/uploads\/2024\/10\/Screenshot_1-1.jpg"}],"twitter_card":"summary_large_image","twitter_misc":{"Est. reading time":"5 minutes"},"schema":{"@context":"https:\/\/schema.org","@graph":[{"@type":"WebPage","@id":"https:\/\/litkrausta.lt\/en\/kroviniu-pervezimas-kaunas\/","url":"https:\/\/litkrausta.lt\/en\/kroviniu-pervezimas-kaunas\/","name":"Krovini\u0173 Perve\u017eimas Kaunas - Litkrausta","isPartOf":{"@id":"https:\/\/litkrausta.lt\/en\/#website"},"primaryImageOfPage":{"@id":"https:\/\/litkrausta.lt\/en\/kroviniu-pervezimas-kaunas\/#primaryimage"},"image":{"@id":"https:\/\/litkrausta.lt\/en\/kroviniu-pervezimas-kaunas\/#primaryimage"},"thumbnailUrl":"https:\/\/litkrausta.lt\/wp-content\/uploads\/2024\/10\/Screenshot_1-1.jpg","datePublished":"2024-10-17T06:18:08+00:00","dateModified":"2024-11-26T07:18:21+00:00","breadcrumb":{"@id":"https:\/\/litkrausta.lt\/en\/kroviniu-pervezimas-kaunas\/#breadcrumb"},"inLanguage":"en-US","potentialAction":[{"@type":"ReadAction","target":["https:\/\/litkrausta.lt\/en\/kroviniu-pervezimas-kaunas\/"]}]},{"@type":"ImageObject","inLanguage":"en-US","@id":"https:\/\/litkrausta.lt\/en\/kroviniu-pervezimas-kaunas\/#primaryimage","url":"https:\/\/litkrausta.lt\/wp-content\/uploads\/2024\/10\/Screenshot_1-1.jpg","contentUrl":"https:\/\/litkrausta.lt\/wp-content\/uploads\/2024\/10\/Screenshot_1-1.jpg"},{"@type":"BreadcrumbList","@id":"https:\/\/litkrausta.lt\/en\/kroviniu-pervezimas-kaunas\/#breadcrumb","itemListElement":[{"@type":"ListItem","position":1,"name":"Home","item":"https:\/\/litkrausta.lt\/en\/"},{"@type":"ListItem","position":2,"name":"Krovini\u0173 Perve\u017eimas Kaunas"}]},{"@type":"WebSite","@id":"https:\/\/litkrausta.lt\/en\/#website","url":"https:\/\/litkrausta.lt\/en\/","name":"Litkrausta","description":"Perkraustymo bei krovini\u0173 transportavimo paslaugos","publisher":{"@id":"https:\/\/litkrausta.lt\/en\/#organization"},"potentialAction":[{"@type":"SearchAction","target":{"@type":"EntryPoint","urlTemplate":"https:\/\/litkrausta.lt\/en\/?s={search_term_string}"},"query-input":"required name=search_term_string"}],"inLanguage":"en-US"},{"@type":"Organization","@id":"https:\/\/litkrausta.lt\/en\/#organization","name":"Litkrausta","url":"https:\/\/litkrausta.lt\/en\/","logo":{"@type":"ImageObject","inLanguage":"en-US","@id":"https:\/\/litkrausta.lt\/en\/#\/schema\/logo\/image\/","url":"https:\/\/litkrausta.lt\/wp-content\/uploads\/2024\/08\/Litkrausta-logo-galutinis-54x247-1.png","contentUrl":"https:\/\/litkrausta.lt\/wp-content\/uploads\/2024\/08\/Litkrausta-logo-galutinis-54x247-1.png","width":247,"height":54,"caption":"Litkrausta"},"image":{"@id":"https:\/\/litkrausta.lt\/en\/#\/schema\/logo\/image\/"}}]}},"_links":{"self":[{"href":"https:\/\/litkrausta.lt\/en\/wp-json\/wp\/v2\/pages\/1326","targetHints":{"allow":["GET"]}}],"collection":[{"href":"https:\/\/litkrausta.lt\/en\/wp-json\/wp\/v2\/pages"}],"about":[{"href":"https:\/\/litkrausta.lt\/en\/wp-json\/wp\/v2\/types\/page"}],"author":[{"embeddable":true,"href":"https:\/\/litkrausta.lt\/en\/wp-json\/wp\/v2\/users\/3"}],"replies":[{"embeddable":true,"href":"https:\/\/litkrausta.lt\/en\/wp-json\/wp\/v2\/comments?post=1326"}],"version-history":[{"count":22,"href":"https:\/\/litkrausta.lt\/en\/wp-json\/wp\/v2\/pages\/1326\/revisions"}],"predecessor-version":[{"id":1355,"href":"https:\/\/litkrausta.lt\/en\/wp-json\/wp\/v2\/pages\/1326\/revisions\/1355"}],"wp:attachment":[{"href":"https:\/\/litkrausta.lt\/en\/wp-json\/wp\/v2\/media?parent=1326"}],"curies":[{"name":"wp","href":"https:\/\/api.w.org\/{rel}","templated":true}]}}